{"id":2467,"date":"2025-11-04T10:49:24","date_gmt":"2025-11-04T07:49:24","guid":{"rendered":"https:\/\/regrace.com.tr\/?post_type=product&#038;p=2467"},"modified":"2025-11-04T10:52:04","modified_gmt":"2025-11-04T07:52:04","slug":"235-masa-takimi-aluminyum","status":"publish","type":"product","link":"https:\/\/regrace.com.tr\/en\/product\/235-masa-takimi-aluminyum\/","title":{"rendered":"235 Set (Aluminum)"},"content":{"rendered":"<div class=\"wpb-content-wrapper\"><div class=\"vc_row wpb_row vc_row-fluid\"><div class=\"wpb_column vc_column_container vc_col-sm-12\"><div class=\"vc_column-inner\"><div class=\"wpb_wrapper\">\n\t<div class=\"wpb_text_column wpb_content_element\" >\n\t\t<div class=\"wpb_wrapper\">\n\t\t\t<div class=\"translation-block\">*250 Aluminum Double Sofa<br>\n*251 Aluminum Single Sofa<br>\n*252 Aluminum Coffee Table 60\u00d7100 (New)<\/div>\n\n\t\t<\/div>\n\t<\/div>\n<\/div><\/div><\/div><\/div>\n<\/div>","protected":false},"excerpt":{"rendered":"<p>Do\u011fan\u0131n Kalbinde KonforBah\u00e7enizde keyifli anlar, stil sahibi oturumlarla bulu\u015fuyor. &#8230; <\/p>","protected":false},"featured_media":2468,"comment_status":"closed","ping_status":"closed","template":"","meta":[],"product_brand":[],"product_cat":[15,155],"product_tag":[],"class_list":{"0":"post-2467","1":"product","2":"type-product","3":"status-publish","4":"has-post-thumbnail","6":"product_cat-genel","7":"product_cat-masa-takimi","9":"first","10":"instock","11":"shipping-taxable","12":"product-type-simple"},"_links":{"self":[{"href":"https:\/\/regrace.com.tr\/en\/wp-json\/wp\/v2\/product\/2467","targetHints":{"allow":["GET"]}}],"collection":[{"href":"https:\/\/regrace.com.tr\/en\/wp-json\/wp\/v2\/product"}],"about":[{"href":"https:\/\/regrace.com.tr\/en\/wp-json\/wp\/v2\/types\/product"}],"replies":[{"embeddable":true,"href":"https:\/\/regrace.com.tr\/en\/wp-json\/wp\/v2\/comments?post=2467"}],"wp:featuredmedia":[{"embeddable":true,"href":"https:\/\/regrace.com.tr\/en\/wp-json\/wp\/v2\/media\/2468"}],"wp:attachment":[{"href":"https:\/\/regrace.com.tr\/en\/wp-json\/wp\/v2\/media?parent=2467"}],"wp:term":[{"taxonomy":"product_brand","embeddable":true,"href":"https:\/\/regrace.com.tr\/en\/wp-json\/wp\/v2\/product_brand?post=2467"},{"taxonomy":"product_cat","embeddable":true,"href":"https:\/\/regrace.com.tr\/en\/wp-json\/wp\/v2\/product_cat?post=2467"},{"taxonomy":"product_tag","embeddable":true,"href":"https:\/\/regrace.com.tr\/en\/wp-json\/wp\/v2\/product_tag?post=2467"}],"curies":[{"name":"wp","href":"https:\/\/api.w.org\/{rel}","templated":true}]}}