{"id":2429,"date":"2025-11-03T16:23:40","date_gmt":"2025-11-03T13:23:40","guid":{"rendered":"https:\/\/regrace.com.tr\/?post_type=product&#038;p=2429"},"modified":"2025-11-04T09:19:08","modified_gmt":"2025-11-04T06:19:08","slug":"216-masa-takimi-ceviz","status":"publish","type":"product","link":"https:\/\/regrace.com.tr\/en\/product\/216-masa-takimi-ceviz\/","title":{"rendered":"216 Set (Walnut)"},"content":{"rendered":"<div class=\"wpb-content-wrapper\"><div class=\"vc_row wpb_row vc_row-fluid\"><div class=\"wpb_column vc_column_container vc_col-sm-12\"><div class=\"vc_column-inner\"><div class=\"wpb_wrapper\">\n\t<div class=\"wpb_text_column wpb_content_element\" >\n\t\t<div class=\"wpb_wrapper\">\n\t\t\t<div>\n<div>216 Table Set<\/div>\n<div class=\"translation-block\">*424 Tables 80\u00d7140\u00d7170 (Open-Close) Petra<br>\n*316 Wooden Chairs<br>\n*368 Poufs<\/div>\n<\/div>\n<div><br class=\"clr\" \/><\/div>\n<div>241 Table Set<\/div>\n<div class=\"translation-block\">*421 Table (Fixed) Petra<br>\n*316 Wooden Chairs<br>\n*368 Pouf<\/div>\n\n\t\t<\/div>\n\t<\/div>\n<\/div><\/div><\/div><\/div>\n<\/div>","protected":false},"excerpt":{"rendered":"<p>Modern Dokunu\u015flarla Klasik Konfor Konforlu oturum minderleri, zarif kapitone s\u0131rt detaylar\u0131 &#8230; <\/p>","protected":false},"featured_media":2430,"comment_status":"closed","ping_status":"closed","template":"","meta":[],"product_brand":[],"product_cat":[15,155],"product_tag":[],"class_list":{"0":"post-2429","1":"product","2":"type-product","3":"status-publish","4":"has-post-thumbnail","6":"product_cat-genel","7":"product_cat-masa-takimi","9":"first","10":"instock","11":"shipping-taxable","12":"product-type-simple"},"_links":{"self":[{"href":"https:\/\/regrace.com.tr\/en\/wp-json\/wp\/v2\/product\/2429","targetHints":{"allow":["GET"]}}],"collection":[{"href":"https:\/\/regrace.com.tr\/en\/wp-json\/wp\/v2\/product"}],"about":[{"href":"https:\/\/regrace.com.tr\/en\/wp-json\/wp\/v2\/types\/product"}],"replies":[{"embeddable":true,"href":"https:\/\/regrace.com.tr\/en\/wp-json\/wp\/v2\/comments?post=2429"}],"wp:featuredmedia":[{"embeddable":true,"href":"https:\/\/regrace.com.tr\/en\/wp-json\/wp\/v2\/media\/2430"}],"wp:attachment":[{"href":"https:\/\/regrace.com.tr\/en\/wp-json\/wp\/v2\/media?parent=2429"}],"wp:term":[{"taxonomy":"product_brand","embeddable":true,"href":"https:\/\/regrace.com.tr\/en\/wp-json\/wp\/v2\/product_brand?post=2429"},{"taxonomy":"product_cat","embeddable":true,"href":"https:\/\/regrace.com.tr\/en\/wp-json\/wp\/v2\/product_cat?post=2429"},{"taxonomy":"product_tag","embeddable":true,"href":"https:\/\/regrace.com.tr\/en\/wp-json\/wp\/v2\/product_tag?post=2429"}],"curies":[{"name":"wp","href":"https:\/\/api.w.org\/{rel}","templated":true}]}}