{"id":2363,"date":"2025-11-03T09:12:07","date_gmt":"2025-11-03T06:12:07","guid":{"rendered":"https:\/\/regrace.com.tr\/?post_type=product&#038;p=2363"},"modified":"2025-11-03T10:43:40","modified_gmt":"2025-11-03T07:43:40","slug":"batumi-koltuk-takimi","status":"publish","type":"product","link":"https:\/\/regrace.com.tr\/en\/product\/batumi-koltuk-takimi\/","title":{"rendered":"Batumi"},"content":{"rendered":"<div class=\"wpb-content-wrapper\"><div class=\"vc_row wpb_row vc_row-fluid\"><div class=\"wpb_column vc_column_container vc_col-sm-12\"><div class=\"vc_column-inner\"><div class=\"wpb_wrapper\">\n\t<div class=\"wpb_text_column wpb_content_element\" >\n\t\t<div class=\"wpb_wrapper\">\n\t\t\t<p>&#8211;<\/p>\n\n\t\t<\/div>\n\t<\/div>\n<\/div><\/div><\/div><\/div>\n<\/div>","protected":false},"excerpt":{"rendered":"<p>Hayalini kurdu\u011funuz zarafet, ya\u015fam alan\u0131n\u0131za ad\u0131m at\u0131yor. Her detay\u0131nda estetik ve &#8230; <\/p>","protected":false},"featured_media":2364,"comment_status":"closed","ping_status":"closed","template":"","meta":[],"product_brand":[],"product_cat":[15,159],"product_tag":[],"class_list":{"0":"post-2363","1":"product","2":"type-product","3":"status-publish","4":"has-post-thumbnail","6":"product_cat-genel","7":"product_cat-koltuk-takimi","9":"first","10":"instock","11":"shipping-taxable","12":"product-type-simple"},"_links":{"self":[{"href":"https:\/\/regrace.com.tr\/en\/wp-json\/wp\/v2\/product\/2363","targetHints":{"allow":["GET"]}}],"collection":[{"href":"https:\/\/regrace.com.tr\/en\/wp-json\/wp\/v2\/product"}],"about":[{"href":"https:\/\/regrace.com.tr\/en\/wp-json\/wp\/v2\/types\/product"}],"replies":[{"embeddable":true,"href":"https:\/\/regrace.com.tr\/en\/wp-json\/wp\/v2\/comments?post=2363"}],"wp:featuredmedia":[{"embeddable":true,"href":"https:\/\/regrace.com.tr\/en\/wp-json\/wp\/v2\/media\/2364"}],"wp:attachment":[{"href":"https:\/\/regrace.com.tr\/en\/wp-json\/wp\/v2\/media?parent=2363"}],"wp:term":[{"taxonomy":"product_brand","embeddable":true,"href":"https:\/\/regrace.com.tr\/en\/wp-json\/wp\/v2\/product_brand?post=2363"},{"taxonomy":"product_cat","embeddable":true,"href":"https:\/\/regrace.com.tr\/en\/wp-json\/wp\/v2\/product_cat?post=2363"},{"taxonomy":"product_tag","embeddable":true,"href":"https:\/\/regrace.com.tr\/en\/wp-json\/wp\/v2\/product_tag?post=2363"}],"curies":[{"name":"wp","href":"https:\/\/api.w.org\/{rel}","templated":true}]}}