{"id":2022,"date":"2025-10-31T09:04:59","date_gmt":"2025-10-31T06:04:59","guid":{"rendered":"https:\/\/regrace.com.tr\/?post_type=product&#038;p=2022"},"modified":"2025-10-31T09:08:19","modified_gmt":"2025-10-31T06:08:19","slug":"uskup-mese-mese","status":"publish","type":"product","link":"https:\/\/regrace.com.tr\/en\/product\/uskup-mese-mese\/","title":{"rendered":"\u00dcsk\u00fcp"},"content":{"rendered":"<div class=\"wpb-content-wrapper\"><div class=\"vc_row wpb_row vc_row-fluid\"><div class=\"wpb_column vc_column_container vc_col-sm-12\"><div class=\"vc_column-inner\"><div class=\"wpb_wrapper\">\n\t<div class=\"wpb_text_column wpb_content_element\" >\n\t\t<div class=\"wpb_wrapper\">\n\t\t\t<p>A\u00e7\u0131l\u0131r Masa Extendable Table<br \/>\nMe\u015fe\/Me\u015fe Oak\/Oak<br \/>\nG\/W: 152 D\/D: 84 Y\/H: 77<\/p>\n\n\t\t<\/div>\n\t<\/div>\n<\/div><\/div><\/div><\/div>\n<\/div>","protected":false},"excerpt":{"rendered":"<div class=\"tab-content mt-32\">\n<div id=\"tab-description\" class=\"tab-pane fade show active\" role=\"tabpanel\" aria-labelledby=\"tab-id-description\"> &#8230; <\/p>","protected":false},"featured_media":2023,"comment_status":"closed","ping_status":"closed","template":"","meta":[],"product_brand":[],"product_cat":[15,155],"product_tag":[],"class_list":{"0":"post-2022","1":"product","2":"type-product","3":"status-publish","4":"has-post-thumbnail","6":"product_cat-genel","7":"product_cat-masa-takimi","9":"first","10":"instock","11":"shipping-taxable","12":"product-type-simple"},"_links":{"self":[{"href":"https:\/\/regrace.com.tr\/en\/wp-json\/wp\/v2\/product\/2022","targetHints":{"allow":["GET"]}}],"collection":[{"href":"https:\/\/regrace.com.tr\/en\/wp-json\/wp\/v2\/product"}],"about":[{"href":"https:\/\/regrace.com.tr\/en\/wp-json\/wp\/v2\/types\/product"}],"replies":[{"embeddable":true,"href":"https:\/\/regrace.com.tr\/en\/wp-json\/wp\/v2\/comments?post=2022"}],"wp:featuredmedia":[{"embeddable":true,"href":"https:\/\/regrace.com.tr\/en\/wp-json\/wp\/v2\/media\/2023"}],"wp:attachment":[{"href":"https:\/\/regrace.com.tr\/en\/wp-json\/wp\/v2\/media?parent=2022"}],"wp:term":[{"taxonomy":"product_brand","embeddable":true,"href":"https:\/\/regrace.com.tr\/en\/wp-json\/wp\/v2\/product_brand?post=2022"},{"taxonomy":"product_cat","embeddable":true,"href":"https:\/\/regrace.com.tr\/en\/wp-json\/wp\/v2\/product_cat?post=2022"},{"taxonomy":"product_tag","embeddable":true,"href":"https:\/\/regrace.com.tr\/en\/wp-json\/wp\/v2\/product_tag?post=2022"}],"curies":[{"name":"wp","href":"https:\/\/api.w.org\/{rel}","templated":true}]}}