{"id":18,"date":"2024-06-10T08:25:36","date_gmt":"2024-06-10T08:25:36","guid":{"rendered":"http:\/\/xtratheme.comfashion-shop\/?page_id=8"},"modified":"2025-06-20T00:20:55","modified_gmt":"2025-06-19T21:20:55","slug":"servisler","status":"publish","type":"page","link":"https:\/\/regrace.com.tr\/en\/servisler\/","title":{"rendered":"Services"},"content":{"rendered":"<div class=\"wpb-content-wrapper\"><div class=\"vc_row wpb_row vc_row-fluid\"><div class=\"wpb_column vc_column_container vc_col-sm-12\"><div class=\"vc_column-inner\"><div class=\"wpb_wrapper\"><div class=\"cz_gap clr\" style=\"height: 80px\"><\/div><div id=\"cz_37727\" class=\"cz_37727 cz_title clr cz_title_pos_inline tac\"><div class=\"cz_title_shape shape_rhombus cz_title_shape_outline cz_shape_1\"><\/div><div class=\"cz_title_content\"><div class=\"cz_wpe_content\"><p style=\"text-align: center;\"><span style=\"color: #417d8a; letter-spacing: 5px;\">REGRACE<\/span><\/p>\n<h2 style=\"text-align: center;\">Our Areas of Activity<\/h2>\n<\/div><\/div><\/div><div class=\"cz_gap clr\" style=\"height: 20px\"><\/div><div class=\"cz_gap clr\" style=\"height: 70px\"><\/div><\/div><\/div><\/div><\/div><div class=\"vc_row wpb_row vc_row-fluid vc_custom_1497126171788 vc_row-has-fill\"><div class=\"wpb_column vc_column_container vc_col-sm-4\"><div class=\"vc_column-inner\"><div class=\"wpb_wrapper\"><div id=\"cz_21520\" data-position=\"top-right\" class=\"cz_21520 cz_image clr cz_image_no_fx center_on_mobile\"><div class=\"\" ><div class=\"cz_image_in\"><div class=\"cz_main_image\"><img fetchpriority=\"high\" loading=\"eager\" decoding=\"sync\" data-no-lazy=\"1\" width=\"1242\" height=\"1195\" src=\"https:\/\/regrace.com.tr\/wp-content\/uploads\/2025\/06\/Image-19.jpg\" class=\"attachment-full\" alt=\"Image 19\" title=\"Image-19\" srcset=\"https:\/\/regrace.com.tr\/wp-content\/uploads\/2025\/06\/Image-19.jpg 1242w, https:\/\/regrace.com.tr\/wp-content\/uploads\/2025\/06\/Image-19-300x289.jpg 300w, https:\/\/regrace.com.tr\/wp-content\/uploads\/2025\/06\/Image-19-1024x985.jpg 1024w, https:\/\/regrace.com.tr\/wp-content\/uploads\/2025\/06\/Image-19-768x739.jpg 768w, https:\/\/regrace.com.tr\/wp-content\/uploads\/2025\/06\/Image-19-12x12.jpg 12w, https:\/\/regrace.com.tr\/wp-content\/uploads\/2025\/06\/Image-19-600x577.jpg 600w, https:\/\/regrace.com.tr\/wp-content\/uploads\/2025\/06\/Image-19-1000x962.jpg 1000w\" sizes=\"(max-width: 1242px) 100vw, 1242px\"  \/><\/div><\/div><\/div><\/div><div class=\"cz_gap clr\" style=\"height: 50px\"><\/div><div id=\"cz_100129\" class=\"cz_100129 cz_title clr cz_title_has_icon cz_title_pos_inline\"><div class=\"cz_title_content\"><i class=\"cz_title_icon_before fa czico-103-success\"><\/i><div class=\"cz_wpe_content\"><h4>Furniture Group<\/h4>\n<\/div><\/div><\/div>\n\t<div class=\"wpb_text_column wpb_content_element\" >\n\t\t<div class=\"wpb_wrapper\">\n\t\t\t<p style=\"text-align: justify;\">Our Regrace furniture collection\u2014featuring living room and dining room sets\u2014is a trusted choice for those looking to bring elegance into their homes. Crafted from premium wood materials and carefully selected imported fabrics, these sets offer long-lasting comfort with both aesthetic appeal and durability. If you\u2019re seeking to blend sophistication and quality in your living spaces, our furniture group is made just for you.<\/p>\n\n\t\t<\/div>\n\t<\/div>\n<div class=\"cz_gap clr\" style=\"height: 50px\"><\/div><\/div><\/div><\/div><div class=\"wpb_column vc_column_container vc_col-sm-4\"><div class=\"vc_column-inner\"><div class=\"wpb_wrapper\"><div id=\"cz_93238\" data-position=\"top-right\" class=\"cz_93238 cz_image clr cz_image_no_fx center_on_mobile\"><div class=\"\" ><div class=\"cz_image_in\"><div class=\"cz_main_image\"><img decoding=\"async\" width=\"1242\" height=\"1195\" src=\"https:\/\/regrace.com.tr\/wp-content\/uploads\/2025\/06\/Image-20.jpg\" class=\"attachment-full\" alt=\"Image 20\" title=\"Image-20\" srcset=\"https:\/\/regrace.com.tr\/wp-content\/uploads\/2025\/06\/Image-20.jpg 1242w, https:\/\/regrace.com.tr\/wp-content\/uploads\/2025\/06\/Image-20-300x289.jpg 300w, https:\/\/regrace.com.tr\/wp-content\/uploads\/2025\/06\/Image-20-1024x985.jpg 1024w, https:\/\/regrace.com.tr\/wp-content\/uploads\/2025\/06\/Image-20-768x739.jpg 768w, https:\/\/regrace.com.tr\/wp-content\/uploads\/2025\/06\/Image-20-12x12.jpg 12w, https:\/\/regrace.com.tr\/wp-content\/uploads\/2025\/06\/Image-20-600x577.jpg 600w, https:\/\/regrace.com.tr\/wp-content\/uploads\/2025\/06\/Image-20-1000x962.jpg 1000w\" sizes=\"auto, (max-width: 1242px) 100vw, 1242px\" loading=\"lazy\" \/><\/div><\/div><\/div><\/div><div class=\"cz_gap clr\" style=\"height: 50px\"><\/div><div id=\"cz_107208\" class=\"cz_107208 cz_title clr cz_title_has_icon cz_title_pos_inline\"><div class=\"cz_title_content\"><i class=\"cz_title_icon_before fa czico-comments\"><\/i><div class=\"cz_wpe_content\"><h4>Project Drawing<\/h4>\n<\/div><\/div><\/div>\n\t<div class=\"wpb_text_column wpb_content_element\" >\n\t\t<div class=\"wpb_wrapper\">\n\t\t\t<p style=\"text-align: justify;\" data-start=\"0\" data-end=\"459\">From the very first step of the project, our expert and experienced team meticulously plans every stage to bring you one step closer to your dream space. By thoroughly analyzing your needs and expectations, we begin crafting the most functional and aesthetic solutions. In every project, we prioritize originality, quality, and user satisfaction\u2014developing tailored solutions for your space or furniture needs with a design approach that blends creativity and precision.<\/p>\n\n\t\t<\/div>\n\t<\/div>\n<\/div><\/div><\/div><div class=\"wpb_column vc_column_container vc_col-sm-4\"><div class=\"vc_column-inner\"><div class=\"wpb_wrapper\"><div id=\"cz_88009\" data-position=\"top-right\" class=\"cz_88009 cz_image clr cz_image_no_fx center_on_mobile\"><div class=\"\" ><div class=\"cz_image_in\"><div class=\"cz_main_image\"><img decoding=\"async\" width=\"1242\" height=\"1195\" src=\"https:\/\/regrace.com.tr\/wp-content\/uploads\/2025\/06\/Image-18.jpg\" class=\"attachment-full\" alt=\"Image 18\" title=\"Image-18\" srcset=\"https:\/\/regrace.com.tr\/wp-content\/uploads\/2025\/06\/Image-18.jpg 1242w, https:\/\/regrace.com.tr\/wp-content\/uploads\/2025\/06\/Image-18-300x289.jpg 300w, https:\/\/regrace.com.tr\/wp-content\/uploads\/2025\/06\/Image-18-1024x985.jpg 1024w, https:\/\/regrace.com.tr\/wp-content\/uploads\/2025\/06\/Image-18-768x739.jpg 768w, https:\/\/regrace.com.tr\/wp-content\/uploads\/2025\/06\/Image-18-12x12.jpg 12w, https:\/\/regrace.com.tr\/wp-content\/uploads\/2025\/06\/Image-18-600x577.jpg 600w, https:\/\/regrace.com.tr\/wp-content\/uploads\/2025\/06\/Image-18-1000x962.jpg 1000w\" sizes=\"auto, (max-width: 1242px) 100vw, 1242px\" loading=\"lazy\" \/><\/div><\/div><\/div><\/div><div class=\"cz_gap clr\" style=\"height: 50px\"><\/div><div id=\"cz_90764\" class=\"cz_90764 cz_title clr cz_title_has_icon cz_title_pos_inline\"><div class=\"cz_title_content\"><i class=\"cz_title_icon_before fa czico-183-social-media\"><\/i><div class=\"cz_wpe_content\"><h4>Furniture Production<\/h4>\n<\/div><\/div><\/div>\n\t<div class=\"wpb_text_column wpb_content_element\" >\n\t\t<div class=\"wpb_wrapper\">\n\t\t\t<p style=\"text-align: justify;\">Our expert designers carefully craft personalized concepts to transform your dream living space into reality. From production to installation, we maintain a disciplined and professional approach, supporting you at every stage of the project. If what you need is a functional and aesthetic space or custom-made furniture that reflects your style, you\u2019re in the right place. At Regrace, our team brings the best projects to life\u2014just for you.<\/p>\n\n\t\t<\/div>\n\t<\/div>\n<\/div><\/div><\/div><\/div><div class=\"vc_row wpb_row vc_row-fluid vc_custom_1497126171788 vc_row-has-fill\"><div class=\"wpb_column vc_column_container vc_col-sm-4\"><div class=\"vc_column-inner\"><div class=\"wpb_wrapper\"><div id=\"cz_43638\" data-position=\"top-right\" class=\"cz_43638 cz_image clr cz_image_no_fx center_on_mobile\"><div class=\"\" ><div class=\"cz_image_in\"><div class=\"cz_main_image\"><img decoding=\"async\" width=\"1242\" height=\"1195\" src=\"https:\/\/regrace.com.tr\/wp-content\/uploads\/2025\/06\/Image-26.jpg\" class=\"attachment-full\" alt=\"Image 26\" title=\"Image-26\" srcset=\"https:\/\/regrace.com.tr\/wp-content\/uploads\/2025\/06\/Image-26.jpg 1242w, https:\/\/regrace.com.tr\/wp-content\/uploads\/2025\/06\/Image-26-300x289.jpg 300w, https:\/\/regrace.com.tr\/wp-content\/uploads\/2025\/06\/Image-26-1024x985.jpg 1024w, https:\/\/regrace.com.tr\/wp-content\/uploads\/2025\/06\/Image-26-768x739.jpg 768w, https:\/\/regrace.com.tr\/wp-content\/uploads\/2025\/06\/Image-26-12x12.jpg 12w, https:\/\/regrace.com.tr\/wp-content\/uploads\/2025\/06\/Image-26-600x577.jpg 600w, https:\/\/regrace.com.tr\/wp-content\/uploads\/2025\/06\/Image-26-1000x962.jpg 1000w\" sizes=\"auto, (max-width: 1242px) 100vw, 1242px\" loading=\"lazy\" \/><\/div><\/div><\/div><\/div><div class=\"cz_gap clr\" style=\"height: 50px\"><\/div><div id=\"cz_92615\" class=\"cz_92615 cz_title clr cz_title_has_icon cz_title_pos_inline\"><div class=\"cz_title_content\"><i class=\"cz_title_icon_before fa czico-062-box-2\"><\/i><div class=\"cz_wpe_content\"><h4>Ceramics Group<\/h4>\n<\/div><\/div><\/div>\n\t<div class=\"wpb_text_column wpb_content_element\" >\n\t\t<div class=\"wpb_wrapper\">\n\t\t\t<p style=\"text-align: justify;\">Our ceramic and tile product group is meticulously designed to bring both elegance and sophistication to your living spaces. Produced to the highest quality standards, these durable and long-lasting products harmonize perfectly with modern, classic, or minimalist interior styles. With eye-catching textures and a wide range of patterns, adding both style and functionality to your spaces has never been easier. Our ceramic and tile collection, which you can confidently and delightfully use in every corner of your home, adds lasting value to your living environment.<\/p>\n\n\t\t<\/div>\n\t<\/div>\n<\/div><\/div><\/div><div class=\"wpb_column vc_column_container vc_col-sm-4\"><div class=\"vc_column-inner\"><div class=\"wpb_wrapper\"><div id=\"cz_53340\" data-position=\"top-right\" class=\"cz_53340 cz_image clr cz_image_no_fx center_on_mobile\"><div class=\"\" ><div class=\"cz_image_in\"><div class=\"cz_main_image\"><img decoding=\"async\" width=\"1242\" height=\"1195\" src=\"https:\/\/regrace.com.tr\/wp-content\/uploads\/2025\/06\/Image-23.jpg\" class=\"attachment-full\" alt=\"Image 23\" title=\"Image-23\" srcset=\"https:\/\/regrace.com.tr\/wp-content\/uploads\/2025\/06\/Image-23.jpg 1242w, https:\/\/regrace.com.tr\/wp-content\/uploads\/2025\/06\/Image-23-300x289.jpg 300w, https:\/\/regrace.com.tr\/wp-content\/uploads\/2025\/06\/Image-23-1024x985.jpg 1024w, https:\/\/regrace.com.tr\/wp-content\/uploads\/2025\/06\/Image-23-768x739.jpg 768w, https:\/\/regrace.com.tr\/wp-content\/uploads\/2025\/06\/Image-23-12x12.jpg 12w, https:\/\/regrace.com.tr\/wp-content\/uploads\/2025\/06\/Image-23-600x577.jpg 600w, https:\/\/regrace.com.tr\/wp-content\/uploads\/2025\/06\/Image-23-1000x962.jpg 1000w\" sizes=\"auto, (max-width: 1242px) 100vw, 1242px\" loading=\"lazy\" \/><\/div><\/div><\/div><\/div><div class=\"cz_gap clr\" style=\"height: 50px\"><\/div><div id=\"cz_17636\" class=\"cz_17636 cz_title clr cz_title_has_icon cz_title_pos_inline\"><div class=\"cz_title_content\"><i class=\"cz_title_icon_before fa czico-033-qr-code\"><\/i><div class=\"cz_wpe_content\"><h4>Carpet Group<\/h4>\n<\/div><\/div><\/div>\n\t<div class=\"wpb_text_column wpb_content_element\" >\n\t\t<div class=\"wpb_wrapper\">\n\t\t\t<p style=\"text-align: justify;\">Our wall-to-wall carpet collection brings comfort and elegance together, adding warmth to your living spaces. With its soft texture and structure that provides sound and heat insulation, it offers an ideal flooring solution for both homes and offices. Available in a variety of colors and patterns, our carpets seamlessly complement any style while offering long-lasting durability. For those seeking a perfect blend of style, comfort, and functionality, our wall-to-wall carpet collection is the ideal choice.<\/p>\n\n\t\t<\/div>\n\t<\/div>\n<\/div><\/div><\/div><div class=\"wpb_column vc_column_container vc_col-sm-4\"><div class=\"vc_column-inner\"><div class=\"wpb_wrapper\"><div id=\"cz_38761\" data-position=\"top-right\" class=\"cz_38761 cz_image clr cz_image_no_fx center_on_mobile\"><div class=\"\" ><div class=\"cz_image_in\"><div class=\"cz_main_image\"><img decoding=\"async\" width=\"1242\" height=\"1195\" src=\"https:\/\/regrace.com.tr\/wp-content\/uploads\/2025\/06\/Image-17.jpg\" class=\"attachment-full\" alt=\"Image 17\" title=\"Image-17\" srcset=\"https:\/\/regrace.com.tr\/wp-content\/uploads\/2025\/06\/Image-17.jpg 1242w, https:\/\/regrace.com.tr\/wp-content\/uploads\/2025\/06\/Image-17-300x289.jpg 300w, https:\/\/regrace.com.tr\/wp-content\/uploads\/2025\/06\/Image-17-1024x985.jpg 1024w, https:\/\/regrace.com.tr\/wp-content\/uploads\/2025\/06\/Image-17-768x739.jpg 768w, https:\/\/regrace.com.tr\/wp-content\/uploads\/2025\/06\/Image-17-12x12.jpg 12w, https:\/\/regrace.com.tr\/wp-content\/uploads\/2025\/06\/Image-17-600x577.jpg 600w, https:\/\/regrace.com.tr\/wp-content\/uploads\/2025\/06\/Image-17-1000x962.jpg 1000w\" sizes=\"auto, (max-width: 1242px) 100vw, 1242px\" loading=\"lazy\" \/><\/div><\/div><\/div><\/div><div class=\"cz_gap clr\" style=\"height: 50px\"><\/div><div id=\"cz_98782\" class=\"cz_98782 cz_title clr cz_title_has_icon cz_title_pos_inline\"><div class=\"cz_title_content\"><i class=\"cz_title_icon_before fa czico-123-add-7\"><\/i><div class=\"cz_wpe_content\"><h4>Flooring Group<\/h4>\n<\/div><\/div><\/div>\n\t<div class=\"wpb_text_column wpb_content_element\" >\n\t\t<div class=\"wpb_wrapper\">\n\t\t\t<p style=\"text-align: justify;\">Our PVC flooring product group stands out with its durability, easy maintenance, and modern appearance. These coverings offer high resistance to water, impact, and abrasion, making them an ideal solution for high-traffic areas such as hospitals, schools, offices, and homes. With a wide range of patterns and colors, our PVC floorings adapt to every interior style, offering both aesthetic appeal and practical use. For those seeking a hygienic, cost-effective, and long-lasting flooring solution, our PVC collection is the perfect choice.<\/p>\n\n\t\t<\/div>\n\t<\/div>\n<\/div><\/div><\/div><\/div>\n<\/div>","protected":false},"excerpt":{"rendered":"REGRACE Faaliyet Alanlar\u0131m\u0131z MOB\u0130LYA GRUBU Regrace mobilya grubumuz oturma odas\u0131 tak\u0131mlar\u0131, yemek odas\u0131 tak\u0131mlar\u0131 evinize \u015f\u0131kl\u0131k katmak isteyenler i\u00e7in her","protected":false},"author":1,"featured_media":0,"parent":0,"menu_order":0,"comment_status":"closed","ping_status":"closed","template":"","meta":{"footnotes":""},"class_list":["post-18","page","type-page","status-publish","hentry"],"_links":{"self":[{"href":"https:\/\/regrace.com.tr\/en\/wp-json\/wp\/v2\/pages\/18","targetHints":{"allow":["GET"]}}],"collection":[{"href":"https:\/\/regrace.com.tr\/en\/wp-json\/wp\/v2\/pages"}],"about":[{"href":"https:\/\/regrace.com.tr\/en\/wp-json\/wp\/v2\/types\/page"}],"author":[{"embeddable":true,"href":"https:\/\/regrace.com.tr\/en\/wp-json\/wp\/v2\/users\/1"}],"replies":[{"embeddable":true,"href":"https:\/\/regrace.com.tr\/en\/wp-json\/wp\/v2\/comments?post=18"}],"version-history":[{"count":0,"href":"https:\/\/regrace.com.tr\/en\/wp-json\/wp\/v2\/pages\/18\/revisions"}],"wp:attachment":[{"href":"https:\/\/regrace.com.tr\/en\/wp-json\/wp\/v2\/media?parent=18"}],"curies":[{"name":"wp","href":"https:\/\/api.w.org\/{rel}","templated":true}]}}